{"id":267,"date":"2024-08-29T10:36:26","date_gmt":"2024-08-29T08:36:26","guid":{"rendered":"https:\/\/turboptimal.de\/shop\/?post_type=product&#038;p=267"},"modified":"2025-09-05T10:58:11","modified_gmt":"2025-09-05T08:58:11","slug":"1-8t-n75-ladedruckregelventil-original","status":"publish","type":"product","link":"https:\/\/turboptimal.de\/shop\/?product=1-8t-n75-ladedruckregelventil-original","title":{"rendered":"1.8T N75 Ladedruckregelventil ORIGINAL"},"content":{"rendered":"<p>Jeder 1.8T-Fahrer hatte es schon mindestens einmal&#8230;<\/p>\n<ul>\n<li>Wellehafte Beschleunigung<\/li>\n<li>Zu wenig oder zu viel Ladedruck = Notlauf<\/li>\n<li>Unterschiedliche Ladedruckwerte<\/li>\n<li>\u00dcberschwinger<\/li>\n<\/ul>\n<p>Die Ursache daf\u00fcr ist meist das N75-Ladedruckregelventil, welches beinahe j\u00e4hrlich am 1.8T defekt ist.<br \/>\nG\u00fcnstige N75-Nachbauten funktionieren leider nicht richtig und f\u00fchren meist zu einer Regelabweichung, bis hin zum Totalausfall nach kurzer Zeit.<\/p>\n<p>Als dauerhafte L\u00f6sung funktioniert nur das originale N75-Ladedruckregelventil.<br \/>\nBei diesem Artikel handelt es sich um ein zu 100% originales VAG-Ersatzteil mit der Teilenummer 06A906283E.<\/p>\n<h3>Hinweis<\/h3>\n<p>Einbaulage beachten!<br \/>\nUndichtigkeiten in den Zuleitungen ausschlie\u00dfen!<\/p>\n","protected":false},"excerpt":{"rendered":"<p>Originales N75 Ladedruckregelventil.<\/p>\n","protected":false},"featured_media":269,"comment_status":"open","ping_status":"closed","template":"","meta":[],"product_brand":[],"product_cat":[21],"product_tag":[27,26],"class_list":{"0":"post-267","1":"product","2":"type-product","3":"status-publish","4":"has-post-thumbnail","6":"product_cat-ventile","7":"product_tag-ladedruckregelventil","8":"product_tag-n75","10":"first","11":"instock","12":"taxable","13":"shipping-taxable","14":"purchasable","15":"product-type-simple"},"yoast_head":"<!-- This site is optimized with the Yoast SEO Premium plugin v21.8 (Yoast SEO v27.2) - https:\/\/yoast.com\/product\/yoast-seo-premium-wordpress\/ -->\n<title>1.8T N75 Ladedruckregelventil ORIGINAL - turbOptimal Shop<\/title>\n<meta name=\"description\" content=\"Originales N75-Ladedruckregelventil f\u00fcr alle 1.8T-Motoren. H\u00e4ufige Ursache bei Ladedruckproblemen wie \u00dcberschwingern oder einer wellenhaften Beschleunigung.\" \/>\n<meta name=\"robots\" content=\"index, follow, max-snippet:-1, max-image-preview:large, max-video-preview:-1\" \/>\n<link rel=\"canonical\" href=\"https:\/\/turboptimal.de\/shop\/produkt\/1-8t-n75-ladedruckregelventil-original\/\" \/>\n<meta property=\"og:locale\" content=\"de_DE\" \/>\n<meta property=\"og:type\" content=\"article\" \/>\n<meta property=\"og:title\" content=\"1.8T N75 Ladedruckregelventil ORIGINAL\" \/>\n<meta property=\"og:description\" content=\"Originales N75-Ladedruckregelventil f\u00fcr alle 1.8T-Motoren. H\u00e4ufige Ursache bei Ladedruckproblemen wie \u00dcberschwingern oder einer wellenhaften Beschleunigung.\" \/>\n<meta property=\"og:url\" content=\"https:\/\/turboptimal.de\/shop\/produkt\/1-8t-n75-ladedruckregelventil-original\/\" \/>\n<meta property=\"og:site_name\" content=\"turbOptimal Shop\" \/>\n<meta property=\"article:publisher\" content=\"https:\/\/www.facebook.com\/turboptimal\" \/>\n<meta property=\"article:modified_time\" content=\"2025-09-05T08:58:11+00:00\" \/>\n<meta property=\"og:image\" content=\"https:\/\/turboptimal.de\/shop\/wp-content\/uploads\/sites\/3\/2024\/08\/DSC_0001-JPG-scaled.jpg\" \/>\n\t<meta property=\"og:image:width\" content=\"2560\" \/>\n\t<meta property=\"og:image:height\" content=\"1707\" \/>\n\t<meta property=\"og:image:type\" content=\"image\/jpeg\" \/>\n<meta name=\"twitter:card\" content=\"summary_large_image\" \/>\n<meta name=\"twitter:label1\" content=\"Gesch\u00e4tzte Lesezeit\" \/>\n\t<meta name=\"twitter:data1\" content=\"1\u00a0Minute\" \/>\n<script type=\"application\/ld+json\" class=\"yoast-schema-graph\">{\"@context\":\"https:\/\/schema.org\",\"@graph\":[{\"@type\":\"WebPage\",\"@id\":\"https:\/\/turboptimal.de\/shop\/produkt\/1-8t-n75-ladedruckregelventil-original\/\",\"url\":\"https:\/\/turboptimal.de\/shop\/produkt\/1-8t-n75-ladedruckregelventil-original\/\",\"name\":\"1.8T N75 Ladedruckregelventil ORIGINAL - turbOptimal Shop\",\"isPartOf\":{\"@id\":\"https:\/\/turboptimal.de\/shop\/#website\"},\"primaryImageOfPage\":{\"@id\":\"https:\/\/turboptimal.de\/shop\/produkt\/1-8t-n75-ladedruckregelventil-original\/#primaryimage\"},\"image\":{\"@id\":\"https:\/\/turboptimal.de\/shop\/produkt\/1-8t-n75-ladedruckregelventil-original\/#primaryimage\"},\"thumbnailUrl\":\"https:\/\/turboptimal.de\/shop\/wp-content\/uploads\/sites\/3\/2024\/08\/DSC_0001-JPG-scaled.jpg\",\"datePublished\":\"2024-08-29T08:36:26+00:00\",\"dateModified\":\"2025-09-05T08:58:11+00:00\",\"description\":\"Originales N75-Ladedruckregelventil f\u00fcr alle 1.8T-Motoren. H\u00e4ufige Ursache bei Ladedruckproblemen wie \u00dcberschwingern oder einer wellenhaften Beschleunigung.\",\"breadcrumb\":{\"@id\":\"https:\/\/turboptimal.de\/shop\/produkt\/1-8t-n75-ladedruckregelventil-original\/#breadcrumb\"},\"inLanguage\":\"de\",\"potentialAction\":[{\"@type\":\"ReadAction\",\"target\":[\"https:\/\/turboptimal.de\/shop\/produkt\/1-8t-n75-ladedruckregelventil-original\/\"]}]},{\"@type\":\"ImageObject\",\"inLanguage\":\"de\",\"@id\":\"https:\/\/turboptimal.de\/shop\/produkt\/1-8t-n75-ladedruckregelventil-original\/#primaryimage\",\"url\":\"https:\/\/turboptimal.de\/shop\/wp-content\/uploads\/sites\/3\/2024\/08\/DSC_0001-JPG-scaled.jpg\",\"contentUrl\":\"https:\/\/turboptimal.de\/shop\/wp-content\/uploads\/sites\/3\/2024\/08\/DSC_0001-JPG-scaled.jpg\",\"width\":2560,\"height\":1707,\"caption\":\"1.8T N75\"},{\"@type\":\"BreadcrumbList\",\"@id\":\"https:\/\/turboptimal.de\/shop\/produkt\/1-8t-n75-ladedruckregelventil-original\/#breadcrumb\",\"itemListElement\":[{\"@type\":\"ListItem\",\"position\":1,\"name\":\"Startseite\",\"item\":\"https:\/\/turboptimal.de\/shop\/\"},{\"@type\":\"ListItem\",\"position\":2,\"name\":\"\u00dcbersicht\",\"item\":\"https:\/\/turboptimal.de\/shop\/\"},{\"@type\":\"ListItem\",\"position\":3,\"name\":\"1.8T N75 Ladedruckregelventil ORIGINAL\"}]},{\"@type\":\"WebSite\",\"@id\":\"https:\/\/turboptimal.de\/shop\/#website\",\"url\":\"https:\/\/turboptimal.de\/shop\/\",\"name\":\"turbOptimal Shop\",\"description\":\"Das wichtigste, was beim abstimmen ben\u00f6tigt wird, jetzt im Shop!\",\"publisher\":{\"@id\":\"https:\/\/turboptimal.de\/shop\/#organization\"},\"potentialAction\":[{\"@type\":\"SearchAction\",\"target\":{\"@type\":\"EntryPoint\",\"urlTemplate\":\"https:\/\/turboptimal.de\/shop\/?s={search_term_string}\"},\"query-input\":{\"@type\":\"PropertyValueSpecification\",\"valueRequired\":true,\"valueName\":\"search_term_string\"}}],\"inLanguage\":\"de\"},{\"@type\":\"Organization\",\"@id\":\"https:\/\/turboptimal.de\/shop\/#organization\",\"name\":\"turbOptimal Shop\",\"url\":\"https:\/\/turboptimal.de\/shop\/\",\"logo\":{\"@type\":\"ImageObject\",\"inLanguage\":\"de\",\"@id\":\"https:\/\/turboptimal.de\/shop\/#\/schema\/logo\/image\/\",\"url\":\"https:\/\/turboptimal.de\/shop\/wp-content\/uploads\/sites\/3\/2024\/07\/cropped-turboptimal_lang_schwarz.png\",\"contentUrl\":\"https:\/\/turboptimal.de\/shop\/wp-content\/uploads\/sites\/3\/2024\/07\/cropped-turboptimal_lang_schwarz.png\",\"width\":1999,\"height\":383,\"caption\":\"turbOptimal Shop\"},\"image\":{\"@id\":\"https:\/\/turboptimal.de\/shop\/#\/schema\/logo\/image\/\"},\"sameAs\":[\"https:\/\/www.facebook.com\/turboptimal\",\"https:\/\/www.instagram.com\/turboptimal_de\/\"]}]}<\/script>\n<!-- \/ Yoast SEO Premium plugin. -->","yoast_head_json":{"title":"1.8T N75 Ladedruckregelventil ORIGINAL - turbOptimal Shop","description":"Originales N75-Ladedruckregelventil f\u00fcr alle 1.8T-Motoren. H\u00e4ufige Ursache bei Ladedruckproblemen wie \u00dcberschwingern oder einer wellenhaften Beschleunigung.","robots":{"index":"index","follow":"follow","max-snippet":"max-snippet:-1","max-image-preview":"max-image-preview:large","max-video-preview":"max-video-preview:-1"},"canonical":"https:\/\/turboptimal.de\/shop\/produkt\/1-8t-n75-ladedruckregelventil-original\/","og_locale":"de_DE","og_type":"article","og_title":"1.8T N75 Ladedruckregelventil ORIGINAL","og_description":"Originales N75-Ladedruckregelventil f\u00fcr alle 1.8T-Motoren. H\u00e4ufige Ursache bei Ladedruckproblemen wie \u00dcberschwingern oder einer wellenhaften Beschleunigung.","og_url":"https:\/\/turboptimal.de\/shop\/produkt\/1-8t-n75-ladedruckregelventil-original\/","og_site_name":"turbOptimal Shop","article_publisher":"https:\/\/www.facebook.com\/turboptimal","article_modified_time":"2025-09-05T08:58:11+00:00","og_image":[{"width":2560,"height":1707,"url":"https:\/\/turboptimal.de\/shop\/wp-content\/uploads\/sites\/3\/2024\/08\/DSC_0001-JPG-scaled.jpg","type":"image\/jpeg"}],"twitter_card":"summary_large_image","twitter_misc":{"Gesch\u00e4tzte Lesezeit":"1\u00a0Minute"},"schema":{"@context":"https:\/\/schema.org","@graph":[{"@type":"WebPage","@id":"https:\/\/turboptimal.de\/shop\/produkt\/1-8t-n75-ladedruckregelventil-original\/","url":"https:\/\/turboptimal.de\/shop\/produkt\/1-8t-n75-ladedruckregelventil-original\/","name":"1.8T N75 Ladedruckregelventil ORIGINAL - turbOptimal Shop","isPartOf":{"@id":"https:\/\/turboptimal.de\/shop\/#website"},"primaryImageOfPage":{"@id":"https:\/\/turboptimal.de\/shop\/produkt\/1-8t-n75-ladedruckregelventil-original\/#primaryimage"},"image":{"@id":"https:\/\/turboptimal.de\/shop\/produkt\/1-8t-n75-ladedruckregelventil-original\/#primaryimage"},"thumbnailUrl":"https:\/\/turboptimal.de\/shop\/wp-content\/uploads\/sites\/3\/2024\/08\/DSC_0001-JPG-scaled.jpg","datePublished":"2024-08-29T08:36:26+00:00","dateModified":"2025-09-05T08:58:11+00:00","description":"Originales N75-Ladedruckregelventil f\u00fcr alle 1.8T-Motoren. H\u00e4ufige Ursache bei Ladedruckproblemen wie \u00dcberschwingern oder einer wellenhaften Beschleunigung.","breadcrumb":{"@id":"https:\/\/turboptimal.de\/shop\/produkt\/1-8t-n75-ladedruckregelventil-original\/#breadcrumb"},"inLanguage":"de","potentialAction":[{"@type":"ReadAction","target":["https:\/\/turboptimal.de\/shop\/produkt\/1-8t-n75-ladedruckregelventil-original\/"]}]},{"@type":"ImageObject","inLanguage":"de","@id":"https:\/\/turboptimal.de\/shop\/produkt\/1-8t-n75-ladedruckregelventil-original\/#primaryimage","url":"https:\/\/turboptimal.de\/shop\/wp-content\/uploads\/sites\/3\/2024\/08\/DSC_0001-JPG-scaled.jpg","contentUrl":"https:\/\/turboptimal.de\/shop\/wp-content\/uploads\/sites\/3\/2024\/08\/DSC_0001-JPG-scaled.jpg","width":2560,"height":1707,"caption":"1.8T N75"},{"@type":"BreadcrumbList","@id":"https:\/\/turboptimal.de\/shop\/produkt\/1-8t-n75-ladedruckregelventil-original\/#breadcrumb","itemListElement":[{"@type":"ListItem","position":1,"name":"Startseite","item":"https:\/\/turboptimal.de\/shop\/"},{"@type":"ListItem","position":2,"name":"\u00dcbersicht","item":"https:\/\/turboptimal.de\/shop\/"},{"@type":"ListItem","position":3,"name":"1.8T N75 Ladedruckregelventil ORIGINAL"}]},{"@type":"WebSite","@id":"https:\/\/turboptimal.de\/shop\/#website","url":"https:\/\/turboptimal.de\/shop\/","name":"turbOptimal Shop","description":"Das wichtigste, was beim abstimmen ben\u00f6tigt wird, jetzt im Shop!","publisher":{"@id":"https:\/\/turboptimal.de\/shop\/#organization"},"potentialAction":[{"@type":"SearchAction","target":{"@type":"EntryPoint","urlTemplate":"https:\/\/turboptimal.de\/shop\/?s={search_term_string}"},"query-input":{"@type":"PropertyValueSpecification","valueRequired":true,"valueName":"search_term_string"}}],"inLanguage":"de"},{"@type":"Organization","@id":"https:\/\/turboptimal.de\/shop\/#organization","name":"turbOptimal Shop","url":"https:\/\/turboptimal.de\/shop\/","logo":{"@type":"ImageObject","inLanguage":"de","@id":"https:\/\/turboptimal.de\/shop\/#\/schema\/logo\/image\/","url":"https:\/\/turboptimal.de\/shop\/wp-content\/uploads\/sites\/3\/2024\/07\/cropped-turboptimal_lang_schwarz.png","contentUrl":"https:\/\/turboptimal.de\/shop\/wp-content\/uploads\/sites\/3\/2024\/07\/cropped-turboptimal_lang_schwarz.png","width":1999,"height":383,"caption":"turbOptimal Shop"},"image":{"@id":"https:\/\/turboptimal.de\/shop\/#\/schema\/logo\/image\/"},"sameAs":["https:\/\/www.facebook.com\/turboptimal","https:\/\/www.instagram.com\/turboptimal_de\/"]}]}},"_links":{"self":[{"href":"https:\/\/turboptimal.de\/shop\/index.php?rest_route=\/wp\/v2\/product\/267","targetHints":{"allow":["GET"]}}],"collection":[{"href":"https:\/\/turboptimal.de\/shop\/index.php?rest_route=\/wp\/v2\/product"}],"about":[{"href":"https:\/\/turboptimal.de\/shop\/index.php?rest_route=\/wp\/v2\/types\/product"}],"replies":[{"embeddable":true,"href":"https:\/\/turboptimal.de\/shop\/index.php?rest_route=%2Fwp%2Fv2%2Fcomments&post=267"}],"wp:featuredmedia":[{"embeddable":true,"href":"https:\/\/turboptimal.de\/shop\/index.php?rest_route=\/wp\/v2\/media\/269"}],"wp:attachment":[{"href":"https:\/\/turboptimal.de\/shop\/index.php?rest_route=%2Fwp%2Fv2%2Fmedia&parent=267"}],"wp:term":[{"taxonomy":"product_brand","embeddable":true,"href":"https:\/\/turboptimal.de\/shop\/index.php?rest_route=%2Fwp%2Fv2%2Fproduct_brand&post=267"},{"taxonomy":"product_cat","embeddable":true,"href":"https:\/\/turboptimal.de\/shop\/index.php?rest_route=%2Fwp%2Fv2%2Fproduct_cat&post=267"},{"taxonomy":"product_tag","embeddable":true,"href":"https:\/\/turboptimal.de\/shop\/index.php?rest_route=%2Fwp%2Fv2%2Fproduct_tag&post=267"}],"curies":[{"name":"wp","href":"https:\/\/api.w.org\/{rel}","templated":true}]}}